{"id":6934,"date":"2025-03-10T14:14:21","date_gmt":"2025-03-10T18:14:21","guid":{"rendered":"https:\/\/capauleste.com\/valley-of-the-ghosts-on-snowshoes\/"},"modified":"2025-12-18T16:34:52","modified_gmt":"2025-12-18T21:34:52","slug":"valley-of-the-ghosts-snowshoes","status":"publish","type":"page","link":"https:\/\/capauleste.com\/en\/winter-activities\/valley-of-the-ghosts-snowshoes\/","title":{"rendered":"Valley of the ghosts on snowshoes"},"content":{"rendered":"\t\t<div data-elementor-type=\"wp-page\" data-elementor-id=\"6934\" class=\"elementor elementor-6934 elementor-6734\">\n\t\t\t\t\t\t<section class=\"elementor-section elementor-top-section elementor-element elementor-element-c90a5bd elementor-section-height-min-height cs-section-content-fullwidth cs-parallax-on-scroll cs_scroll_y_120 elementor-section-boxed elementor-section-height-default elementor-section-items-middle\" data-id=\"c90a5bd\" data-element_type=\"section\" data-settings=\"{&quot;background_background&quot;:&quot;classic&quot;}\" data-cs-parallax-y=\"120\" style=\"background-image: none;\" data-cs-background-image=\"https:\/\/capauleste.com\/wp-content\/uploads\/2025\/12\/vallee-fantome-large-capauleste.jpg\" data-cs-background-image-alt-text=\"\">\n\t\t\t\t\t\t\t<div class=\"elementor-background-overlay\"><\/div>\n\t\t\t\t\t\t\t<div class=\"elementor-container elementor-column-gap-no\">\n\t\t\t\t\t<div class=\"elementor-column elementor-col-100 elementor-top-column elementor-element elementor-element-7d889b7 dark-color\" data-id=\"7d889b7\" data-element_type=\"column\">\n\t\t\t<div class=\"elementor-widget-wrap elementor-element-populated\">\n\t\t\t\t\t\t<div class=\"elementor-element elementor-element-57ca99f elementor-widget elementor-widget-cs_title\" data-id=\"57ca99f\" data-element_type=\"widget\" data-widget_type=\"cs_title.default\">\n\t\t\t\t<div class=\"elementor-widget-container\">\n\t\t\t\t\t\n        <div class=\"cs-title-wrap text-center\">\t            <div class=\"cs-subtitle-wrap\"><span class=\"cs-subtitle color-white\">Monts-Valin Park<\/span><\/div>\t            <h1 class=\"cs-title\">\n\t                Valley of the ghosts on snowshoes\t            <\/h1>        <\/div>\t\t\t\t<\/div>\n\t\t\t\t<\/div>\n\t\t\t\t\t<\/div>\n\t\t<\/div>\n\t\t\t\t\t<\/div>\n\t\t<\/section>\n\t\t\t\t<section class=\"elementor-section elementor-top-section elementor-element elementor-element-bdd7054 elementor-section-boxed elementor-section-height-default elementor-section-height-default\" data-id=\"bdd7054\" data-element_type=\"section\">\n\t\t\t\t\t\t<div class=\"elementor-container elementor-column-gap-no\">\n\t\t\t\t\t<div class=\"elementor-column elementor-col-100 elementor-top-column elementor-element elementor-element-f24e1a1\" data-id=\"f24e1a1\" data-element_type=\"column\">\n\t\t\t<div class=\"elementor-widget-wrap elementor-element-populated\">\n\t\t\t\t\t\t<div class=\"elementor-element elementor-element-95ac6fd elementor-widget elementor-widget-cs_title\" data-id=\"95ac6fd\" data-element_type=\"widget\" data-widget_type=\"cs_title.default\">\n\t\t\t\t<div class=\"elementor-widget-container\">\n\t\t\t\t\t\n        <div class=\"cs-title-wrap text-center\">\t            <div class=\"cs-title-text\">\n\t                <p><strong><em>Off-site activities.<\/em><\/strong><\/p>\n<p>This national park protects the flora and fauna of the area, while allowing visitors privileged access to discover spectacular natural treasures as far as the eye can see. In winter, the snowpack allows snowshoers to practice their sport in ideal conditions. <\/p>\n<p>For an exceptional experience, hop aboard the Fant\u00f4mes-Express shuttle for a 45-minute ride along the Bras-des-Canots trail to the foot of Vall\u00e9e des Fant\u00f4mes. Strap on your snowshoes and set off on an expedition to the summit of Pic Dubuc (3 km). Once there, soak up the spectacular views. You&#8217;ll see Mont Valin to the north, while to the south, the wooded hills of the piedmont rise above the lowlands of the city of Saguenay and the Fjord.   <\/p>\n<p>Distance by car: 1 h 15 min.<\/p>\n<p>For more information, <a href=\"https:\/\/valjalbert.com\/\" target=\"_blank\" rel=\"noopener\">visit the Parc national des Monts-Valin website.<\/a><\/p>\n\t            <\/div>        <\/div>\t\t\t\t<\/div>\n\t\t\t\t<\/div>\n\t\t\t\t\t<\/div>\n\t\t<\/div>\n\t\t\t\t\t<\/div>\n\t\t<\/section>\n\t\t\t\t<\/div>\n\t\t","protected":false},"excerpt":{"rendered":"<p>Monts-Valin Park Valley of the ghosts on snowshoes Off-site activities. This national park protects the flora and fauna of the area, while allowing visitors privileged access to discover spectacular natural treasures as far as the eye can see. In winter, the snowpack allows snowshoers to practice their sport in ideal conditions. For an exceptional experience, &#8230;<\/p>\n","protected":false},"author":1,"featured_media":0,"parent":4508,"menu_order":0,"comment_status":"closed","ping_status":"closed","template":"template-wide-content.php","meta":{"cozystay_single_page_hide_site_header":"","cozystay_single_page_site_header_source":"","cozystay_single_page_custom_site_header":"0","cozystay_single_page_custom_sticky_site_header":"0","cozystay_single_page_hide_page_title":"on","cozystay_single_page_header_section_size":"","cozystay_single_page_header_background_color":"","cozystay_single_page_header_background_position_x":"center","cozystay_single_page_header_background_position_y":"center","cozystay_single_page_header_background_size":"cover","cozystay_single_page_header_background_repeat":"off","cozystay_single_page_header_background_scroll":"on","cozystay_single_page_header_text_color":"","cozystay_single_page_header_show_breadcrumb":"","cozystay_single_page_site_footer_hide_main":"","cozystay_single_custom_site_footer_main_source":"","cozystay_single_custom_site_footer_main":"0","cozystay_single_page_site_footer_hide_above":"","cozystay_single_custom_site_footer_above_source":"","cozystay_single_custom_site_footer_above":"0","cozystay_single_page_site_footer_hide_instagram":"","cozystay_single_page_site_footer_hide_bottom":"","cozystay_single_custom_mobile_menu_source":"","cozystay_single_custom_mobile_menu":"0","cozystay_single_custom_mobile_menu_animation":"","cozystay_single_custom_mobile_menu_width":"","cozystay_single_custom_mobile_menu_custom_width":375,"footnotes":""},"class_list":["post-6934","page","type-page","status-publish","hentry"],"yoast_head":"<!-- This site is optimized with the Yoast SEO plugin v24.4 - https:\/\/yoast.com\/wordpress\/plugins\/seo\/ -->\n<title>Snowshoeing, Valley of the Ghosts - Sainte-Rose-du-Nord, Saguenay<\/title>\n<meta name=\"description\" content=\"Parc national des Monts-Valin protects flora and fauna, offering spectacular natural treasures. In winter, enjoy snowshoeing and discover the Vall\u00e9e des Fant\u00f4mes with the Fant\u00f4mes-Express shuttle.\" \/>\n<meta name=\"robots\" content=\"index, follow, max-snippet:-1, max-image-preview:large, max-video-preview:-1\" \/>\n<link rel=\"canonical\" href=\"https:\/\/capauleste.com\/en\/winter-activities\/valley-of-the-ghosts-snowshoes\/\" \/>\n<meta property=\"og:locale\" content=\"en_US\" \/>\n<meta property=\"og:type\" content=\"article\" \/>\n<meta property=\"og:title\" content=\"Snowshoeing, Valley of the Ghosts - Sainte-Rose-du-Nord, Saguenay\" \/>\n<meta property=\"og:description\" content=\"Parc national des Monts-Valin protects flora and fauna, offering spectacular natural treasures. In winter, enjoy snowshoeing and discover the Vall\u00e9e des Fant\u00f4mes with the Fant\u00f4mes-Express shuttle.\" \/>\n<meta property=\"og:url\" content=\"https:\/\/capauleste.com\/en\/winter-activities\/valley-of-the-ghosts-snowshoes\/\" \/>\n<meta property=\"og:site_name\" content=\"Cap au Leste\" \/>\n<meta property=\"article:modified_time\" content=\"2025-12-18T21:34:52+00:00\" \/>\n<meta name=\"twitter:card\" content=\"summary_large_image\" \/>\n<meta name=\"twitter:label1\" content=\"Est. reading time\" \/>\n\t<meta name=\"twitter:data1\" content=\"1 minute\" \/>\n<script type=\"application\/ld+json\" class=\"yoast-schema-graph\">{\"@context\":\"https:\/\/schema.org\",\"@graph\":[{\"@type\":\"WebPage\",\"@id\":\"https:\/\/capauleste.com\/en\/winter-activities\/valley-of-the-ghosts-snowshoes\/\",\"url\":\"https:\/\/capauleste.com\/en\/winter-activities\/valley-of-the-ghosts-snowshoes\/\",\"name\":\"Snowshoeing, Valley of the Ghosts - Sainte-Rose-du-Nord, Saguenay\",\"isPartOf\":{\"@id\":\"https:\/\/capauleste.com\/en\/#website\"},\"datePublished\":\"2025-03-10T18:14:21+00:00\",\"dateModified\":\"2025-12-18T21:34:52+00:00\",\"description\":\"Parc national des Monts-Valin protects flora and fauna, offering spectacular natural treasures. In winter, enjoy snowshoeing and discover the Vall\u00e9e des Fant\u00f4mes with the Fant\u00f4mes-Express shuttle.\",\"breadcrumb\":{\"@id\":\"https:\/\/capauleste.com\/en\/winter-activities\/valley-of-the-ghosts-snowshoes\/#breadcrumb\"},\"inLanguage\":\"en-US\",\"potentialAction\":[{\"@type\":\"ReadAction\",\"target\":[\"https:\/\/capauleste.com\/en\/winter-activities\/valley-of-the-ghosts-snowshoes\/\"]}]},{\"@type\":\"BreadcrumbList\",\"@id\":\"https:\/\/capauleste.com\/en\/winter-activities\/valley-of-the-ghosts-snowshoes\/#breadcrumb\",\"itemListElement\":[{\"@type\":\"ListItem\",\"position\":1,\"name\":\"Home\",\"item\":\"https:\/\/capauleste.com\/en\/\"},{\"@type\":\"ListItem\",\"position\":2,\"name\":\"Winter activities\",\"item\":\"https:\/\/capauleste.com\/en\/winter-activities\/\"},{\"@type\":\"ListItem\",\"position\":3,\"name\":\"Valley of the ghosts on snowshoes\"}]},{\"@type\":\"WebSite\",\"@id\":\"https:\/\/capauleste.com\/en\/#website\",\"url\":\"https:\/\/capauleste.com\/en\/\",\"name\":\"Cap au Leste\",\"description\":\"Auberge nature\",\"publisher\":{\"@id\":\"https:\/\/capauleste.com\/en\/#organization\"},\"potentialAction\":[{\"@type\":\"SearchAction\",\"target\":{\"@type\":\"EntryPoint\",\"urlTemplate\":\"https:\/\/capauleste.com\/en\/?s={search_term_string}\"},\"query-input\":{\"@type\":\"PropertyValueSpecification\",\"valueRequired\":true,\"valueName\":\"search_term_string\"}}],\"inLanguage\":\"en-US\"},{\"@type\":\"Organization\",\"@id\":\"https:\/\/capauleste.com\/en\/#organization\",\"name\":\"Cap au Leste\",\"url\":\"https:\/\/capauleste.com\/en\/\",\"logo\":{\"@type\":\"ImageObject\",\"inLanguage\":\"en-US\",\"@id\":\"https:\/\/capauleste.com\/en\/#\/schema\/logo\/image\/\",\"url\":\"https:\/\/capauleste.com\/wp-content\/uploads\/2024\/12\/cropped-capauleste-583\u200a\u00d7\u200a168.png\",\"contentUrl\":\"https:\/\/capauleste.com\/wp-content\/uploads\/2024\/12\/cropped-capauleste-583\u200a\u00d7\u200a168.png\",\"width\":583,\"height\":168,\"caption\":\"Cap au Leste\"},\"image\":{\"@id\":\"https:\/\/capauleste.com\/en\/#\/schema\/logo\/image\/\"}}]}<\/script>\n<!-- \/ Yoast SEO plugin. -->","yoast_head_json":{"title":"Snowshoeing, Valley of the Ghosts - Sainte-Rose-du-Nord, Saguenay","description":"Parc national des Monts-Valin protects flora and fauna, offering spectacular natural treasures. In winter, enjoy snowshoeing and discover the Vall\u00e9e des Fant\u00f4mes with the Fant\u00f4mes-Express shuttle.","robots":{"index":"index","follow":"follow","max-snippet":"max-snippet:-1","max-image-preview":"max-image-preview:large","max-video-preview":"max-video-preview:-1"},"canonical":"https:\/\/capauleste.com\/en\/winter-activities\/valley-of-the-ghosts-snowshoes\/","og_locale":"en_US","og_type":"article","og_title":"Snowshoeing, Valley of the Ghosts - Sainte-Rose-du-Nord, Saguenay","og_description":"Parc national des Monts-Valin protects flora and fauna, offering spectacular natural treasures. In winter, enjoy snowshoeing and discover the Vall\u00e9e des Fant\u00f4mes with the Fant\u00f4mes-Express shuttle.","og_url":"https:\/\/capauleste.com\/en\/winter-activities\/valley-of-the-ghosts-snowshoes\/","og_site_name":"Cap au Leste","article_modified_time":"2025-12-18T21:34:52+00:00","twitter_card":"summary_large_image","twitter_misc":{"Est. reading time":"1 minute"},"schema":{"@context":"https:\/\/schema.org","@graph":[{"@type":"WebPage","@id":"https:\/\/capauleste.com\/en\/winter-activities\/valley-of-the-ghosts-snowshoes\/","url":"https:\/\/capauleste.com\/en\/winter-activities\/valley-of-the-ghosts-snowshoes\/","name":"Snowshoeing, Valley of the Ghosts - Sainte-Rose-du-Nord, Saguenay","isPartOf":{"@id":"https:\/\/capauleste.com\/en\/#website"},"datePublished":"2025-03-10T18:14:21+00:00","dateModified":"2025-12-18T21:34:52+00:00","description":"Parc national des Monts-Valin protects flora and fauna, offering spectacular natural treasures. In winter, enjoy snowshoeing and discover the Vall\u00e9e des Fant\u00f4mes with the Fant\u00f4mes-Express shuttle.","breadcrumb":{"@id":"https:\/\/capauleste.com\/en\/winter-activities\/valley-of-the-ghosts-snowshoes\/#breadcrumb"},"inLanguage":"en-US","potentialAction":[{"@type":"ReadAction","target":["https:\/\/capauleste.com\/en\/winter-activities\/valley-of-the-ghosts-snowshoes\/"]}]},{"@type":"BreadcrumbList","@id":"https:\/\/capauleste.com\/en\/winter-activities\/valley-of-the-ghosts-snowshoes\/#breadcrumb","itemListElement":[{"@type":"ListItem","position":1,"name":"Home","item":"https:\/\/capauleste.com\/en\/"},{"@type":"ListItem","position":2,"name":"Winter activities","item":"https:\/\/capauleste.com\/en\/winter-activities\/"},{"@type":"ListItem","position":3,"name":"Valley of the ghosts on snowshoes"}]},{"@type":"WebSite","@id":"https:\/\/capauleste.com\/en\/#website","url":"https:\/\/capauleste.com\/en\/","name":"Cap au Leste","description":"Auberge nature","publisher":{"@id":"https:\/\/capauleste.com\/en\/#organization"},"potentialAction":[{"@type":"SearchAction","target":{"@type":"EntryPoint","urlTemplate":"https:\/\/capauleste.com\/en\/?s={search_term_string}"},"query-input":{"@type":"PropertyValueSpecification","valueRequired":true,"valueName":"search_term_string"}}],"inLanguage":"en-US"},{"@type":"Organization","@id":"https:\/\/capauleste.com\/en\/#organization","name":"Cap au Leste","url":"https:\/\/capauleste.com\/en\/","logo":{"@type":"ImageObject","inLanguage":"en-US","@id":"https:\/\/capauleste.com\/en\/#\/schema\/logo\/image\/","url":"https:\/\/capauleste.com\/wp-content\/uploads\/2024\/12\/cropped-capauleste-583\u200a\u00d7\u200a168.png","contentUrl":"https:\/\/capauleste.com\/wp-content\/uploads\/2024\/12\/cropped-capauleste-583\u200a\u00d7\u200a168.png","width":583,"height":168,"caption":"Cap au Leste"},"image":{"@id":"https:\/\/capauleste.com\/en\/#\/schema\/logo\/image\/"}}]}},"_links":{"self":[{"href":"https:\/\/capauleste.com\/en\/wp-json\/wp\/v2\/pages\/6934","targetHints":{"allow":["GET"]}}],"collection":[{"href":"https:\/\/capauleste.com\/en\/wp-json\/wp\/v2\/pages"}],"about":[{"href":"https:\/\/capauleste.com\/en\/wp-json\/wp\/v2\/types\/page"}],"author":[{"embeddable":true,"href":"https:\/\/capauleste.com\/en\/wp-json\/wp\/v2\/users\/1"}],"replies":[{"embeddable":true,"href":"https:\/\/capauleste.com\/en\/wp-json\/wp\/v2\/comments?post=6934"}],"version-history":[{"count":2,"href":"https:\/\/capauleste.com\/en\/wp-json\/wp\/v2\/pages\/6934\/revisions"}],"predecessor-version":[{"id":6964,"href":"https:\/\/capauleste.com\/en\/wp-json\/wp\/v2\/pages\/6934\/revisions\/6964"}],"up":[{"embeddable":true,"href":"https:\/\/capauleste.com\/en\/wp-json\/wp\/v2\/pages\/4508"}],"wp:attachment":[{"href":"https:\/\/capauleste.com\/en\/wp-json\/wp\/v2\/media?parent=6934"}],"curies":[{"name":"wp","href":"https:\/\/api.w.org\/{rel}","templated":true}]}}